{"id":11,"date":"2017-04-19T14:43:47","date_gmt":"2017-04-19T11:43:47","guid":{"rendered":"http:\/\/demo.safirtema.com\/pusula\/?page_id=11"},"modified":"2024-01-22T14:07:06","modified_gmt":"2024-01-22T11:07:06","slug":"cozum-ortaklarimiz","status":"publish","type":"page","link":"http:\/\/konartmimarlik.com\/index.php\/cozum-ortaklarimiz\/","title":{"rendered":"Referanslar"},"content":{"rendered":"\n<p>Hizmet verdi\u011fimiz baz\u0131 firmalar<\/p>\n\n\n\n<figure class=\"wp-block-gallery has-nested-images columns-3 wp-block-gallery-1 is-layout-flex wp-block-gallery-is-layout-flex\">\n<figure class=\"wp-block-image size-full\"><img loading=\"lazy\" decoding=\"async\" width=\"228\" height=\"112\" data-id=\"460\" src=\"http:\/\/konartmimarlik.com\/wp-content\/uploads\/2024\/01\/REF-2.png\" alt=\"\" class=\"wp-image-460\"\/><\/figure>\n\n\n\n<figure class=\"wp-block-image size-full\"><img loading=\"lazy\" decoding=\"async\" width=\"228\" height=\"112\" data-id=\"457\" src=\"http:\/\/konartmimarlik.com\/wp-content\/uploads\/2024\/01\/REF-6.png\" alt=\"\" class=\"wp-image-457\"\/><\/figure>\n\n\n\n<figure class=\"wp-block-image size-full\"><img loading=\"lazy\" decoding=\"async\" width=\"228\" height=\"112\" data-id=\"458\" src=\"http:\/\/konartmimarlik.com\/wp-content\/uploads\/2024\/01\/REF-1.png\" alt=\"\" class=\"wp-image-458\"\/><\/figure>\n\n\n\n<figure class=\"wp-block-image size-full\"><img loading=\"lazy\" decoding=\"async\" width=\"228\" height=\"112\" data-id=\"461\" src=\"http:\/\/konartmimarlik.com\/wp-content\/uploads\/2024\/01\/REF-4.png\" alt=\"\" class=\"wp-image-461\"\/><\/figure>\n\n\n\n<figure class=\"wp-block-image size-full\"><img loading=\"lazy\" decoding=\"async\" width=\"228\" height=\"112\" data-id=\"462\" src=\"http:\/\/konartmimarlik.com\/wp-content\/uploads\/2024\/01\/REF-3.png\" alt=\"\" class=\"wp-image-462\"\/><\/figure>\n\n\n\n<figure class=\"wp-block-image size-full\"><img loading=\"lazy\" decoding=\"async\" width=\"228\" height=\"112\" data-id=\"463\" src=\"http:\/\/konartmimarlik.com\/wp-content\/uploads\/2024\/01\/REF-5.png\" alt=\"\" class=\"wp-image-463\"\/><\/figure>\n<\/figure>\n\n\n\n<p><\/p>\n\n\n\n<div class=\"wp-block-group is-layout-constrained wp-block-group-is-layout-constrained\"><div class=\"wp-block-group__inner-container\">\n<div class=\"wp-block-safirtema-mainheading mainHeading\"><div class=\"icon safiricon\"><svg class=\"safiricon-anlasma\"><use href=\"#safiricon-anlasma\"><\/use><\/svg><\/div><div class=\"text\">Projeleri Tamamlanan M\u00fc\u015fterilerimiz<\/div><\/div>\n<\/div><\/div>\n\n\n\n<div class=\"\" data-col=\"2\"><ul>\n<li>\u0130SK\u0130 PA\u015eAK\u00d6Y ARITMA TES\u0130S\u0130 \u0130ZOLASYONU<\/li>\n\n\n\n<li>\u0130SK\u0130 KADIK\u00d6Y ARITMA TES\u0130S\u0130 \u0130ZOLASYONU<\/li>\n\n\n\n<li>\u0130SK\u0130 TUZLA ARITMA TES\u0130S\u0130 \u0130ZOLASYONU<\/li>\n\n\n\n<li>\u0130SK\u0130 BALTAL\u0130MANI \u0130 \u0130ZOLASYONU<\/li>\n\n\n\n<li>FARUK YAL\u00c7IN \u0130\u015eMERKEZ\u0130 &#8211; ALTUN\u0130ZADE<\/li>\n\n\n\n<li>AZ\u0130Z YILDIRIM \u0130\u015e MERKEZ\u0130 &#8211; ALTUN\u0130ZADE<\/li>\n\n\n\n<li>KANAL A \u0130\u015eMERKEZ\u0130 -\u00c7AMLICA<\/li>\n\n\n\n<li>AZ\u0130Z YILDIRIM TARABYA V\u0130LLA<\/li>\n\n\n\n<li>AZ\u0130Z YILDIRIM CADDEBOSTAN V\u0130LLA<\/li>\n<\/ul><\/div>\n","protected":false},"excerpt":{"rendered":"<p>Hizmet verdi\u011fimiz baz\u0131 firmalar<\/p>\n","protected":false},"author":1,"featured_media":0,"parent":0,"menu_order":0,"comment_status":"closed","ping_status":"closed","template":"pages\/page-references.php","meta":{"footnotes":""},"_links":{"self":[{"href":"http:\/\/konartmimarlik.com\/index.php\/wp-json\/wp\/v2\/pages\/11"}],"collection":[{"href":"http:\/\/konartmimarlik.com\/index.php\/wp-json\/wp\/v2\/pages"}],"about":[{"href":"http:\/\/konartmimarlik.com\/index.php\/wp-json\/wp\/v2\/types\/page"}],"author":[{"embeddable":true,"href":"http:\/\/konartmimarlik.com\/index.php\/wp-json\/wp\/v2\/users\/1"}],"replies":[{"embeddable":true,"href":"http:\/\/konartmimarlik.com\/index.php\/wp-json\/wp\/v2\/comments?post=11"}],"version-history":[{"count":14,"href":"http:\/\/konartmimarlik.com\/index.php\/wp-json\/wp\/v2\/pages\/11\/revisions"}],"predecessor-version":[{"id":464,"href":"http:\/\/konartmimarlik.com\/index.php\/wp-json\/wp\/v2\/pages\/11\/revisions\/464"}],"wp:attachment":[{"href":"http:\/\/konartmimarlik.com\/index.php\/wp-json\/wp\/v2\/media?parent=11"}],"curies":[{"name":"wp","href":"https:\/\/api.w.org\/{rel}","templated":true}]}}