{"id":12,"date":"2017-04-19T14:43:26","date_gmt":"2017-04-19T11:43:26","guid":{"rendered":"http:\/\/demo.safirtema.com\/pusula\/?page_id=12"},"modified":"2024-02-12T13:33:54","modified_gmt":"2024-02-12T10:33:54","slug":"hakkimizda","status":"publish","type":"page","link":"http:\/\/konartmimarlik.com\/index.php\/hakkimizda\/","title":{"rendered":"Hakk\u0131m\u0131zda"},"content":{"rendered":"\n<div class=\"wp-block-safirtema-mainheading mainHeading\"><div class=\"icon safiricon\"><svg class=\"safiricon-kullanici\"><use href=\"#safiricon-kullanici\"><\/use><\/svg><\/div><div class=\"text\">Firmam\u0131z Hakk\u0131nda<\/div><\/div>\n\n\n\n<figure class=\"wp-block-image size-full\"><img loading=\"lazy\" decoding=\"async\" width=\"1140\" height=\"400\" src=\"http:\/\/konartmimarlik.com\/wp-content\/uploads\/2024\/02\/banner-1.jpg\" alt=\"\" class=\"wp-image-495\" srcset=\"http:\/\/konartmimarlik.com\/wp-content\/uploads\/2024\/02\/banner-1.jpg 1140w, http:\/\/konartmimarlik.com\/wp-content\/uploads\/2024\/02\/banner-1-300x105.jpg 300w, http:\/\/konartmimarlik.com\/wp-content\/uploads\/2024\/02\/banner-1-1024x359.jpg 1024w, http:\/\/konartmimarlik.com\/wp-content\/uploads\/2024\/02\/banner-1-768x269.jpg 768w\" sizes=\"(max-width: 1140px) 100vw, 1140px\" \/><\/figure>\n\n\n\n<p>Konart Mimarl\u0131k M\u00fchendislik olarak 2002 y\u0131l\u0131nda \u0130stanbul merkezli olarak faaliyetlerimize ba\u015flad\u0131k. Dedelerimizden gelen bir gelenek ile alm\u0131\u015f oldu\u011fumuz m\u00fchendislik formasyonu ile \u00f6nce bulundu\u011fumuz b\u00f6lgede sonra da \u00e7evresinde \u00fclkemizin kalk\u0131nma dinamiklerine katk\u0131da bulunduk.<\/p>\n\n\n\n<p>\u00dcstyap\u0131 ve altyap\u0131 projelerinde; \u00f6zel ve devlet i\u015flerini ba\u015far\u0131 ile teslim ettik. \u00c7a\u011f\u0131n gerektirdi\u011fi teknolojik ekipman ve uzman ekiplerimizle bir\u00e7ok projeyi ba\u015far\u0131 ile teslim ettik Tecr\u00fcbenin en iyi \u00f6\u011fretmen oldu\u011funu kabul edersek ; deprem ku\u015fa\u011f\u0131nda bulunan \u00fclkemizde tecr\u00fcbe ve y\u00f6netmelikleri harfiyen yerine getiren uzman ekipler ile GE\u00c7M\u0130\u015eTEN ALDI\u011eIMIZ TECR\u00dcBE \u0130LE GELECE\u011e\u0130 \u0130N\u015eAA ED\u0130YORUZ. <\/p>\n\n\n\n<p>KONart\u00a0 markas\u0131n\u0131n ismini olu\u015ftururken \u00e7ok d\u00fc\u015f\u00fcnd\u00fck. Yeni y\u00fczy\u0131lda yap\u0131lan bir\u00e7ok binan\u0131n sanat ve estetikten \u00e7ok uzak oldu\u011funu tespit ettik. Beton gibi sa\u011flam bir yap\u0131 eleman\u0131n\u0131n sanatsal de\u011ferlerden \u00e7ok uzak bir \u015fekilde uyguland\u0131\u011f\u0131n\u0131 tespit ettik. Betona \u015fekil veren Konut Sanat\u0131 anlay\u0131\u015f\u0131 ile firmam\u0131z\u0131n ismini verdik. Bu\u00a0 minvalde kullan\u0131lan malzeme estetik dokusu ve sa\u011flaml\u0131\u011f\u0131 ile bulundu\u011fu b\u00f6lgede fark yaratan bir anlay\u0131\u015f\u0131 in\u015fa ediyoruz<\/p>\n\n\n\n<div class=\"wp-block-safirtema-mainheading mainHeading\"><div class=\"icon safiricon\"><svg class=\"safiricon-yildiz\"><use href=\"#safiricon-yildiz\"><\/use><\/svg><\/div><div class=\"text\">Misyonumuz<\/div><\/div>\n\n\n\n<div class=\"\" data-col=\"2\"><ul>\n<li>\u00dcstyap\u0131 ve Altyap\u0131 projelerimizde \u00e7a\u011f\u0131n gerektirdi\u011fi teknolojik ekipman ve ekiplerle \u00e7evresel de\u011ferlere \u00f6nem veren yap\u0131lar in\u015fa etmektir.<\/li>\n\n\n\n<li>Her proje bizim i\u00e7in ayr\u0131 bir ser\u00fcvendir . Ya\u015famlara de\u011fer katan projeler \u00fcretmek, insana dair s\u00fcrd\u00fcr\u00fclebilir bir gelecek in\u015fa etmek<\/li>\n<\/ul><\/div>\n\n\n\n<div class=\"wp-block-safirtema-mainheading mainHeading\"><div class=\"icon safiricon\"><svg class=\"safiricon-kurumsal\"><use href=\"#safiricon-kurumsal\"><\/use><\/svg><\/div><div class=\"text\">Vizyonumuz<\/div><\/div>\n\n\n\n<p>Do\u011fada her \u015fey bir d\u00f6ng\u00fc (cycle) i\u00e7erisinde ak\u0131p gitmektedir. Deprem ku\u015fa\u011f\u0131nda ya\u015fad\u0131\u011f\u0131m\u0131z ger\u00e7e\u011fini hepimiz bilmekteyiz. \u00dclke olarak bir \u00e7ok defa bunu ac\u0131 bir \u015fekilde tecr\u00fcbe ettik. <br>Ge\u00e7mi\u015ften ald\u0131\u011f\u0131m\u0131z tecr\u00fcbe ile gelece\u011fimizi sa\u011flam ve g\u00fcvenilir olarak in\u015fa etmek zorunday\u0131z. <br>Do\u011fal felaketlerin; deprem, sel, f\u0131rt\u0131na gibi etkilerinin hesap edildi\u011fi yap\u0131lar yapmak hedefimizdir. <br>\u00c7evresel etki ve de\u011ferlerin \u00f6l\u00e7\u00fclebilir verilerini kabul de\u011ferler alarak \u00e7evre ile uyumlu yap\u0131lar in\u015fa ederek \u00fclkemizin yap\u0131sal ve kalk\u0131nma dinamiklerine katk\u0131da bulunmak en b\u00fcy\u00fck hedefimizdir<\/p>\n\n\n\n<p><\/p>\n\n\n\n<a class=\"wp-block-safirtema-safirbutton safirButton\" href=\"http:\/\/konartmimarlik.com\/iletisim\" rel=\"\"><div class=\"icon safiricon\"><svg class=\"safiricon-iletisim\"><use href=\"#safiricon-iletisim\"><\/use><\/svg><\/div>Bizimle \u0130leti\u015fime Ge\u00e7in<\/a>\n","protected":false},"excerpt":{"rendered":"<p>Konart Mimarl\u0131k M\u00fchendislik olarak 2002 y\u0131l\u0131nda \u0130stanbul merkezli olarak faaliyetlerimize ba\u015flad\u0131k. Dedelerimizden gelen bir gelenek ile alm\u0131\u015f oldu\u011fumuz m\u00fchendislik formasyonu ile \u00f6nce bulundu\u011fumuz b\u00f6lgede sonra da \u00e7evresinde \u00fclkemizin kalk\u0131nma dinamiklerine katk\u0131da bulunduk. \u00dcstyap\u0131 ve altyap\u0131 projelerinde; \u00f6zel ve devlet i\u015flerini ba\u015far\u0131 ile teslim ettik. \u00c7a\u011f\u0131n gerektirdi\u011fi teknolojik ekipman ve uzman ekiplerimizle bir\u00e7ok projeyi ba\u015far\u0131 ile [&hellip;]<\/p>\n","protected":false},"author":1,"featured_media":0,"parent":0,"menu_order":0,"comment_status":"closed","ping_status":"closed","template":"","meta":{"footnotes":""},"_links":{"self":[{"href":"http:\/\/konartmimarlik.com\/index.php\/wp-json\/wp\/v2\/pages\/12"}],"collection":[{"href":"http:\/\/konartmimarlik.com\/index.php\/wp-json\/wp\/v2\/pages"}],"about":[{"href":"http:\/\/konartmimarlik.com\/index.php\/wp-json\/wp\/v2\/types\/page"}],"author":[{"embeddable":true,"href":"http:\/\/konartmimarlik.com\/index.php\/wp-json\/wp\/v2\/users\/1"}],"replies":[{"embeddable":true,"href":"http:\/\/konartmimarlik.com\/index.php\/wp-json\/wp\/v2\/comments?post=12"}],"version-history":[{"count":12,"href":"http:\/\/konartmimarlik.com\/index.php\/wp-json\/wp\/v2\/pages\/12\/revisions"}],"predecessor-version":[{"id":506,"href":"http:\/\/konartmimarlik.com\/index.php\/wp-json\/wp\/v2\/pages\/12\/revisions\/506"}],"wp:attachment":[{"href":"http:\/\/konartmimarlik.com\/index.php\/wp-json\/wp\/v2\/media?parent=12"}],"curies":[{"name":"wp","href":"https:\/\/api.w.org\/{rel}","templated":true}]}}