{"id":122,"date":"2017-04-20T14:28:08","date_gmt":"2017-04-20T11:28:08","guid":{"rendered":"http:\/\/demo.safirtema.com\/pusula\/?page_id=122"},"modified":"2021-04-26T00:16:24","modified_gmt":"2021-04-25T21:16:24","slug":"sikca-sorulan-sorular","status":"publish","type":"page","link":"http:\/\/konartmimarlik.com\/index.php\/sikca-sorulan-sorular\/","title":{"rendered":"S\u0131k\u00e7a Sorulan Sorular"},"content":{"rendered":"\n<div class=\"wp-block-safirtema-bgtext descriptionbox buildings\"><div class=\"inner\"><div class=\"icon safiricon\"><svg class=\"safiricon-soru\"><use href=\"#safiricon-soru\"><\/use><\/svg><\/div><div class=\"header\">S\u0131k\u00e7a Sorulan Sorular<\/div><div class=\"content\">Temayla gelen Gutenberg bloklar\u0131 ile a\u015fa\u011f\u0131daki gibi soru cevap kombinasyonlar\u0131 yapabilirsiniz.<\/div><\/div><\/div>\n\n\n\n<div class=\"wp-block-safirtema-sorucevap safir-faq\"><div class=\"question\"><div class=\"safiricon icon\"><svg class=\"safiricon-soru\"><use href=\"#safiricon-soru\"><\/use><\/svg><\/div><span class=\"text\">And why does our space pilot have only one eye?<\/span><div class=\"openclose plus\"><\/div><\/div><p class=\"answer\">There&#8217;s someone I&#8217;d like you to meet. His name is depth perception. Wow, that hurt. the air! Him pending para un bending. Qbert, come in here. I&#8217;ll show you something amazing. What is it, a competent employee? I doubt that very much. The little twerp. As my successor, I&#8217;m trusting you to carry on my work. These are some of the inventions you&#8217;ll spend your life finishing. I didn&#8217;t realize you were the inventor of the junk heap. That&#8217;s my prizewinning Smell-a-Scope.<\/p><\/div>\n\n\n\n<div class=\"wp-block-safirtema-sorucevap safir-faq\"><div class=\"question\"><div class=\"safiricon icon\"><svg class=\"safiricon-soru\"><use href=\"#safiricon-soru\"><\/use><\/svg><\/div><span class=\"text\">My pants&#8217;s dry, and I&#8217;ve tried everything. Right?<\/span><div class=\"openclose plus\"><\/div><\/div><p class=\"answer\">Never mind. The guilt. The unbearable guilt! Fifteen seconds. Ten seconds. Master Spargle, if you can hear me up in that ditch, where I left you\u2026 this is for you. The Iron Cook&#8217;s gone all out for the judges. He&#8217;s even garnished the salad with $100 bills. Let&#8217;s see what they think. Soylent Green is my kind of people. Scrumptious. Morbo will store this in his sack for future digestion. I&#8217;m swimming in my Soylent waste.<\/p><\/div>\n\n\n\n<div class=\"wp-block-safirtema-sorucevap safir-faq\"><div class=\"question\"><div class=\"safiricon icon\"><svg class=\"safiricon-soru\"><use href=\"#safiricon-soru\"><\/use><\/svg><\/div><span class=\"text\">So, I&#8217;m gonna do what it takes to be your roommate?<\/span><div class=\"openclose plus\"><\/div><\/div><p class=\"answer\">There&#8217;s someone I&#8217;d like you to meet. His name is depth perception. Wow, that hurt. the air! Him pending para un bending. Qbert, come in here. I&#8217;ll show you something amazing. What is it, a competent employee? I doubt that very much. The little twerp. As my successor, I&#8217;m trusting you to carry on my work. These are some of the inventions you&#8217;ll spend your life finishing. I didn&#8217;t realize you were the inventor of the junk heap. That&#8217;s my prizewinning Smell-a-Scope.<\/p><\/div>\n\n\n\n<div class=\"wp-block-safirtema-sorucevap safir-faq\"><div class=\"question\"><div class=\"safiricon icon\"><svg class=\"safiricon-soru\"><use href=\"#safiricon-soru\"><\/use><\/svg><\/div><span class=\"text\">You must have smoked some bad granola?<\/span><div class=\"openclose plus\"><\/div><\/div><p class=\"answer\">There&#8217;s someone I&#8217;d like you to meet. His name is depth perception. Wow, that hurt. the air! Him pending para un bending. Qbert, come in here. I&#8217;ll show you something amazing. What is it, a competent employee? I doubt that very much. The little twerp. As my successor, I&#8217;m trusting you to carry on my work. These are some of the inventions you&#8217;ll spend your life finishing. I didn&#8217;t realize you were the inventor of the junk heap. That&#8217;s my prizewinning Smell-a-Scope.<\/p><\/div>\n\n\n\n<div class=\"wp-block-safirtema-sorucevap safir-faq\"><div class=\"question\"><div class=\"safiricon icon\"><svg class=\"safiricon-soru\"><use href=\"#safiricon-soru\"><\/use><\/svg><\/div><span class=\"text\">Why&#8217;d you open your bong hole, You&#8217;d sacrifice a beautiful woman for an attractive monkey?<\/span><div class=\"openclose plus\"><\/div><\/div><p class=\"answer\">There&#8217;s someone I&#8217;d like you to meet. His name is depth perception. Wow, that hurt. the air! Him pending para un bending. Qbert, come in here. I&#8217;ll show you something amazing. What is it, a competent employee? I doubt that very much. The little twerp. As my successor, I&#8217;m trusting you to carry on my work. These are some of the inventions you&#8217;ll spend your life finishing. I didn&#8217;t realize you were the inventor of the junk heap. That&#8217;s my prizewinning Smell-a-Scope.<\/p><\/div>\n","protected":false},"excerpt":{"rendered":"","protected":false},"author":1,"featured_media":0,"parent":0,"menu_order":0,"comment_status":"closed","ping_status":"closed","template":"","meta":{"footnotes":""},"_links":{"self":[{"href":"http:\/\/konartmimarlik.com\/index.php\/wp-json\/wp\/v2\/pages\/122"}],"collection":[{"href":"http:\/\/konartmimarlik.com\/index.php\/wp-json\/wp\/v2\/pages"}],"about":[{"href":"http:\/\/konartmimarlik.com\/index.php\/wp-json\/wp\/v2\/types\/page"}],"author":[{"embeddable":true,"href":"http:\/\/konartmimarlik.com\/index.php\/wp-json\/wp\/v2\/users\/1"}],"replies":[{"embeddable":true,"href":"http:\/\/konartmimarlik.com\/index.php\/wp-json\/wp\/v2\/comments?post=122"}],"version-history":[{"count":10,"href":"http:\/\/konartmimarlik.com\/index.php\/wp-json\/wp\/v2\/pages\/122\/revisions"}],"predecessor-version":[{"id":601,"href":"http:\/\/konartmimarlik.com\/index.php\/wp-json\/wp\/v2\/pages\/122\/revisions\/601"}],"wp:attachment":[{"href":"http:\/\/konartmimarlik.com\/index.php\/wp-json\/wp\/v2\/media?parent=122"}],"curies":[{"name":"wp","href":"https:\/\/api.w.org\/{rel}","templated":true}]}}