{"id":68,"date":"2017-04-20T11:36:59","date_gmt":"2017-04-20T08:36:59","guid":{"rendered":"http:\/\/demo.safirtema.com\/pusula\/?page_id=68"},"modified":"2024-02-28T21:55:36","modified_gmt":"2024-02-28T18:55:36","slug":"tamamlananprojeler","status":"publish","type":"page","link":"http:\/\/konartmimarlik.com\/index.php\/tamamlananprojeler\/","title":{"rendered":"Tamamlanan Projeler"},"content":{"rendered":"\n<div class=\"wp-block-safirtema-mainheading mainHeading\"><div class=\"icon safiricon\"><svg class=\"safiricon-ev\"><use href=\"#safiricon-ev\"><\/use><\/svg><\/div><div class=\"text\">Tamamlad\u0131\u011f\u0131m\u0131z Konut Projelerimiz<\/div><\/div>\n\n\n\n<figure class=\"wp-block-gallery has-nested-images columns-default is-cropped wp-block-gallery-1 is-layout-flex wp-block-gallery-is-layout-flex\">\n<figure class=\"wp-block-image size-medium is-style-default\"><img loading=\"lazy\" decoding=\"async\" width=\"300\" height=\"225\" data-id=\"569\" src=\"http:\/\/konartmimarlik.com\/wp-content\/uploads\/2024\/02\/WhatsApp-Image-2024-01-08-at-12.54.45-3-300x225.jpeg\" alt=\"\" class=\"wp-image-569\" srcset=\"http:\/\/konartmimarlik.com\/wp-content\/uploads\/2024\/02\/WhatsApp-Image-2024-01-08-at-12.54.45-3-300x225.jpeg 300w, http:\/\/konartmimarlik.com\/wp-content\/uploads\/2024\/02\/WhatsApp-Image-2024-01-08-at-12.54.45-3-768x576.jpeg 768w, http:\/\/konartmimarlik.com\/wp-content\/uploads\/2024\/02\/WhatsApp-Image-2024-01-08-at-12.54.45-3.jpeg 960w\" sizes=\"(max-width: 300px) 100vw, 300px\" \/><\/figure>\n\n\n\n<figure class=\"wp-block-image size-large\"><a href=\"http:\/\/konartmimarlik.com\/index.php\/foto-galeri\/whatsapp-image-2024-01-08-at-12-55-17-4\/\"><img loading=\"lazy\" decoding=\"async\" width=\"576\" height=\"1024\" data-id=\"571\" src=\"http:\/\/konartmimarlik.com\/wp-content\/uploads\/2024\/02\/WhatsApp-Image-2024-01-08-at-12.55.17-4-576x1024.jpeg\" alt=\"\" class=\"wp-image-571\" srcset=\"http:\/\/konartmimarlik.com\/wp-content\/uploads\/2024\/02\/WhatsApp-Image-2024-01-08-at-12.55.17-4-576x1024.jpeg 576w, http:\/\/konartmimarlik.com\/wp-content\/uploads\/2024\/02\/WhatsApp-Image-2024-01-08-at-12.55.17-4-169x300.jpeg 169w, http:\/\/konartmimarlik.com\/wp-content\/uploads\/2024\/02\/WhatsApp-Image-2024-01-08-at-12.55.17-4-768x1365.jpeg 768w, http:\/\/konartmimarlik.com\/wp-content\/uploads\/2024\/02\/WhatsApp-Image-2024-01-08-at-12.55.17-4-864x1536.jpeg 864w, http:\/\/konartmimarlik.com\/wp-content\/uploads\/2024\/02\/WhatsApp-Image-2024-01-08-at-12.55.17-4.jpeg 900w\" sizes=\"(max-width: 576px) 100vw, 576px\" \/><\/a><\/figure>\n\n\n\n<figure class=\"wp-block-image size-full\"><a href=\"http:\/\/konartmimarlik.com\/index.php\/foto-galeri\/whatsapp-image-2024-01-08-at-13-16-12-2\/\"><img loading=\"lazy\" decoding=\"async\" width=\"640\" height=\"852\" data-id=\"568\" src=\"http:\/\/konartmimarlik.com\/wp-content\/uploads\/2024\/02\/WhatsApp-Image-2024-01-08-at-13.16.12-2.jpeg\" alt=\"\" class=\"wp-image-568\" srcset=\"http:\/\/konartmimarlik.com\/wp-content\/uploads\/2024\/02\/WhatsApp-Image-2024-01-08-at-13.16.12-2.jpeg 640w, http:\/\/konartmimarlik.com\/wp-content\/uploads\/2024\/02\/WhatsApp-Image-2024-01-08-at-13.16.12-2-225x300.jpeg 225w\" sizes=\"(max-width: 640px) 100vw, 640px\" \/><\/a><\/figure>\n\n\n\n<figure class=\"wp-block-image size-full\"><a href=\"http:\/\/konartmimarlik.com\/index.php\/foto-galeri\/kategor-tamamlanan-proje\/\"><img loading=\"lazy\" decoding=\"async\" width=\"1000\" height=\"636\" data-id=\"564\" src=\"http:\/\/konartmimarlik.com\/wp-content\/uploads\/2024\/02\/kategor-tamamlanan-proje.jpg\" alt=\"\" class=\"wp-image-564\" srcset=\"http:\/\/konartmimarlik.com\/wp-content\/uploads\/2024\/02\/kategor-tamamlanan-proje.jpg 1000w, http:\/\/konartmimarlik.com\/wp-content\/uploads\/2024\/02\/kategor-tamamlanan-proje-300x191.jpg 300w, http:\/\/konartmimarlik.com\/wp-content\/uploads\/2024\/02\/kategor-tamamlanan-proje-768x488.jpg 768w\" sizes=\"(max-width: 1000px) 100vw, 1000px\" \/><\/a><\/figure>\n\n\n\n<figure class=\"wp-block-image size-full\"><a href=\"http:\/\/konartmimarlik.com\/index.php\/foto-galeri\/whatsapp-image-2024-01-08-at-12-54-35\/\"><img loading=\"lazy\" decoding=\"async\" width=\"720\" height=\"540\" data-id=\"565\" src=\"http:\/\/konartmimarlik.com\/wp-content\/uploads\/2024\/02\/WhatsApp-Image-2024-01-08-at-12.54.35.jpeg\" alt=\"\" class=\"wp-image-565\" srcset=\"http:\/\/konartmimarlik.com\/wp-content\/uploads\/2024\/02\/WhatsApp-Image-2024-01-08-at-12.54.35.jpeg 720w, http:\/\/konartmimarlik.com\/wp-content\/uploads\/2024\/02\/WhatsApp-Image-2024-01-08-at-12.54.35-300x225.jpeg 300w\" sizes=\"(max-width: 720px) 100vw, 720px\" \/><\/a><\/figure>\n\n\n\n<figure class=\"wp-block-image size-full\"><a href=\"http:\/\/konartmimarlik.com\/index.php\/foto-galeri\/whatsapp-image-2024-02-08-at-12-34-06-11\/\"><img loading=\"lazy\" decoding=\"async\" width=\"960\" height=\"720\" data-id=\"539\" src=\"http:\/\/konartmimarlik.com\/wp-content\/uploads\/2024\/02\/WhatsApp-Image-2024-02-08-at-12.34.06-11.jpeg\" alt=\"\" class=\"wp-image-539\" srcset=\"http:\/\/konartmimarlik.com\/wp-content\/uploads\/2024\/02\/WhatsApp-Image-2024-02-08-at-12.34.06-11.jpeg 960w, http:\/\/konartmimarlik.com\/wp-content\/uploads\/2024\/02\/WhatsApp-Image-2024-02-08-at-12.34.06-11-300x225.jpeg 300w, http:\/\/konartmimarlik.com\/wp-content\/uploads\/2024\/02\/WhatsApp-Image-2024-02-08-at-12.34.06-11-768x576.jpeg 768w\" sizes=\"(max-width: 960px) 100vw, 960px\" \/><\/a><\/figure>\n\n\n\n<figure class=\"wp-block-image size-large\"><a href=\"http:\/\/konartmimarlik.com\/index.php\/foto-galeri\/whatsapp-image-2024-02-08-at-12-42-35\/\"><img loading=\"lazy\" decoding=\"async\" width=\"1024\" height=\"996\" data-id=\"554\" src=\"http:\/\/konartmimarlik.com\/wp-content\/uploads\/2024\/02\/WhatsApp-Image-2024-02-08-at-12.42.35-1024x996.jpeg\" alt=\"\" class=\"wp-image-554\" srcset=\"http:\/\/konartmimarlik.com\/wp-content\/uploads\/2024\/02\/WhatsApp-Image-2024-02-08-at-12.42.35-1024x996.jpeg 1024w, http:\/\/konartmimarlik.com\/wp-content\/uploads\/2024\/02\/WhatsApp-Image-2024-02-08-at-12.42.35-300x292.jpeg 300w, http:\/\/konartmimarlik.com\/wp-content\/uploads\/2024\/02\/WhatsApp-Image-2024-02-08-at-12.42.35-768x747.jpeg 768w, http:\/\/konartmimarlik.com\/wp-content\/uploads\/2024\/02\/WhatsApp-Image-2024-02-08-at-12.42.35-1536x1495.jpeg 1536w, http:\/\/konartmimarlik.com\/wp-content\/uploads\/2024\/02\/WhatsApp-Image-2024-02-08-at-12.42.35.jpeg 1600w\" sizes=\"(max-width: 1024px) 100vw, 1024px\" \/><\/a><\/figure>\n\n\n\n<figure class=\"wp-block-image size-large\"><a href=\"http:\/\/konartmimarlik.com\/index.php\/foto-galeri\/whatsapp-image-2024-02-08-at-12-43-32\/\"><img loading=\"lazy\" decoding=\"async\" width=\"1024\" height=\"859\" data-id=\"555\" src=\"http:\/\/konartmimarlik.com\/wp-content\/uploads\/2024\/02\/WhatsApp-Image-2024-02-08-at-12.43.32-1024x859.jpeg\" alt=\"\" class=\"wp-image-555\" srcset=\"http:\/\/konartmimarlik.com\/wp-content\/uploads\/2024\/02\/WhatsApp-Image-2024-02-08-at-12.43.32-1024x859.jpeg 1024w, http:\/\/konartmimarlik.com\/wp-content\/uploads\/2024\/02\/WhatsApp-Image-2024-02-08-at-12.43.32-300x252.jpeg 300w, http:\/\/konartmimarlik.com\/wp-content\/uploads\/2024\/02\/WhatsApp-Image-2024-02-08-at-12.43.32-768x644.jpeg 768w, http:\/\/konartmimarlik.com\/wp-content\/uploads\/2024\/02\/WhatsApp-Image-2024-02-08-at-12.43.32-1536x1288.jpeg 1536w, http:\/\/konartmimarlik.com\/wp-content\/uploads\/2024\/02\/WhatsApp-Image-2024-02-08-at-12.43.32.jpeg 1600w\" sizes=\"(max-width: 1024px) 100vw, 1024px\" \/><\/a><\/figure>\n\n\n\n<figure class=\"wp-block-image size-full\"><a href=\"http:\/\/konartmimarlik.com\/index.php\/foto-galeri\/whatsapp-image-2024-02-08-at-12-34-06-6\/\"><img loading=\"lazy\" decoding=\"async\" width=\"960\" height=\"720\" data-id=\"537\" src=\"http:\/\/konartmimarlik.com\/wp-content\/uploads\/2024\/02\/WhatsApp-Image-2024-02-08-at-12.34.06-6.jpeg\" alt=\"\" class=\"wp-image-537\" srcset=\"http:\/\/konartmimarlik.com\/wp-content\/uploads\/2024\/02\/WhatsApp-Image-2024-02-08-at-12.34.06-6.jpeg 960w, http:\/\/konartmimarlik.com\/wp-content\/uploads\/2024\/02\/WhatsApp-Image-2024-02-08-at-12.34.06-6-300x225.jpeg 300w, http:\/\/konartmimarlik.com\/wp-content\/uploads\/2024\/02\/WhatsApp-Image-2024-02-08-at-12.34.06-6-768x576.jpeg 768w\" sizes=\"(max-width: 960px) 100vw, 960px\" \/><\/a><\/figure>\n\n\n\n<figure class=\"wp-block-image size-full\"><a href=\"http:\/\/konartmimarlik.com\/index.php\/foto-galeri\/whatsapp-image-2024-02-08-at-12-34-06-2\/\"><img loading=\"lazy\" decoding=\"async\" width=\"960\" height=\"720\" data-id=\"535\" src=\"http:\/\/konartmimarlik.com\/wp-content\/uploads\/2024\/02\/WhatsApp-Image-2024-02-08-at-12.34.06-2.jpeg\" alt=\"\" class=\"wp-image-535\" srcset=\"http:\/\/konartmimarlik.com\/wp-content\/uploads\/2024\/02\/WhatsApp-Image-2024-02-08-at-12.34.06-2.jpeg 960w, http:\/\/konartmimarlik.com\/wp-content\/uploads\/2024\/02\/WhatsApp-Image-2024-02-08-at-12.34.06-2-300x225.jpeg 300w, http:\/\/konartmimarlik.com\/wp-content\/uploads\/2024\/02\/WhatsApp-Image-2024-02-08-at-12.34.06-2-768x576.jpeg 768w\" sizes=\"(max-width: 960px) 100vw, 960px\" \/><\/a><\/figure>\n\n\n\n<figure class=\"wp-block-image size-large\"><a href=\"http:\/\/konartmimarlik.com\/index.php\/foto-galeri\/whatsapp-image-2024-02-08-at-12-42-41\/\"><img loading=\"lazy\" decoding=\"async\" width=\"1024\" height=\"768\" data-id=\"559\" src=\"http:\/\/konartmimarlik.com\/wp-content\/uploads\/2024\/02\/WhatsApp-Image-2024-02-08-at-12.42.41-1024x768.jpeg\" alt=\"\" class=\"wp-image-559\" srcset=\"http:\/\/konartmimarlik.com\/wp-content\/uploads\/2024\/02\/WhatsApp-Image-2024-02-08-at-12.42.41-1024x768.jpeg 1024w, http:\/\/konartmimarlik.com\/wp-content\/uploads\/2024\/02\/WhatsApp-Image-2024-02-08-at-12.42.41-300x225.jpeg 300w, http:\/\/konartmimarlik.com\/wp-content\/uploads\/2024\/02\/WhatsApp-Image-2024-02-08-at-12.42.41-768x576.jpeg 768w, http:\/\/konartmimarlik.com\/wp-content\/uploads\/2024\/02\/WhatsApp-Image-2024-02-08-at-12.42.41-1536x1152.jpeg 1536w, http:\/\/konartmimarlik.com\/wp-content\/uploads\/2024\/02\/WhatsApp-Image-2024-02-08-at-12.42.41.jpeg 1600w\" sizes=\"(max-width: 1024px) 100vw, 1024px\" \/><\/a><\/figure>\n\n\n\n<figure class=\"wp-block-image size-large\"><a href=\"http:\/\/konartmimarlik.com\/index.php\/foto-galeri\/whatsapp-image-2024-02-08-at-12-42-41-2\/\"><img loading=\"lazy\" decoding=\"async\" width=\"1024\" height=\"768\" data-id=\"558\" src=\"http:\/\/konartmimarlik.com\/wp-content\/uploads\/2024\/02\/WhatsApp-Image-2024-02-08-at-12.42.41-2-1024x768.jpeg\" alt=\"\" class=\"wp-image-558\" srcset=\"http:\/\/konartmimarlik.com\/wp-content\/uploads\/2024\/02\/WhatsApp-Image-2024-02-08-at-12.42.41-2-1024x768.jpeg 1024w, http:\/\/konartmimarlik.com\/wp-content\/uploads\/2024\/02\/WhatsApp-Image-2024-02-08-at-12.42.41-2-300x225.jpeg 300w, http:\/\/konartmimarlik.com\/wp-content\/uploads\/2024\/02\/WhatsApp-Image-2024-02-08-at-12.42.41-2-768x576.jpeg 768w, http:\/\/konartmimarlik.com\/wp-content\/uploads\/2024\/02\/WhatsApp-Image-2024-02-08-at-12.42.41-2-1536x1152.jpeg 1536w, http:\/\/konartmimarlik.com\/wp-content\/uploads\/2024\/02\/WhatsApp-Image-2024-02-08-at-12.42.41-2.jpeg 1600w\" sizes=\"(max-width: 1024px) 100vw, 1024px\" \/><\/a><\/figure>\n\n\n\n<figure class=\"wp-block-image size-large\"><a href=\"http:\/\/konartmimarlik.com\/index.php\/tamamlananprojeler\/whatsapp-image-2024-02-08-at-13-48-05\/\"><img loading=\"lazy\" decoding=\"async\" width=\"1024\" height=\"832\" data-id=\"615\" src=\"http:\/\/konartmimarlik.com\/wp-content\/uploads\/2024\/02\/WhatsApp-Image-2024-02-08-at-13.48.05-1024x832.jpeg\" alt=\"\" class=\"wp-image-615\" srcset=\"http:\/\/konartmimarlik.com\/wp-content\/uploads\/2024\/02\/WhatsApp-Image-2024-02-08-at-13.48.05-1024x832.jpeg 1024w, http:\/\/konartmimarlik.com\/wp-content\/uploads\/2024\/02\/WhatsApp-Image-2024-02-08-at-13.48.05-300x244.jpeg 300w, http:\/\/konartmimarlik.com\/wp-content\/uploads\/2024\/02\/WhatsApp-Image-2024-02-08-at-13.48.05-768x624.jpeg 768w, http:\/\/konartmimarlik.com\/wp-content\/uploads\/2024\/02\/WhatsApp-Image-2024-02-08-at-13.48.05.jpeg 1280w\" sizes=\"(max-width: 1024px) 100vw, 1024px\" \/><\/a><\/figure>\n\n\n\n<figure class=\"wp-block-image size-large\"><a href=\"http:\/\/konartmimarlik.com\/index.php\/foto-galeri\/whatsapp-image-2024-02-08-at-12-38-21-6\/\"><img loading=\"lazy\" decoding=\"async\" width=\"768\" height=\"1024\" data-id=\"560\" src=\"http:\/\/konartmimarlik.com\/wp-content\/uploads\/2024\/02\/WhatsApp-Image-2024-02-08-at-12.38.21-6-768x1024.jpeg\" alt=\"\" class=\"wp-image-560\" srcset=\"http:\/\/konartmimarlik.com\/wp-content\/uploads\/2024\/02\/WhatsApp-Image-2024-02-08-at-12.38.21-6-768x1024.jpeg 768w, http:\/\/konartmimarlik.com\/wp-content\/uploads\/2024\/02\/WhatsApp-Image-2024-02-08-at-12.38.21-6-225x300.jpeg 225w, http:\/\/konartmimarlik.com\/wp-content\/uploads\/2024\/02\/WhatsApp-Image-2024-02-08-at-12.38.21-6-1152x1536.jpeg 1152w, http:\/\/konartmimarlik.com\/wp-content\/uploads\/2024\/02\/WhatsApp-Image-2024-02-08-at-12.38.21-6.jpeg 1200w\" sizes=\"(max-width: 768px) 100vw, 768px\" \/><\/a><\/figure>\n\n\n\n<figure class=\"wp-block-image size-full\"><a href=\"http:\/\/konartmimarlik.com\/index.php\/foto-galeri\/whatsapp-image-2024-02-08-at-12-33-57\/\"><img loading=\"lazy\" decoding=\"async\" width=\"960\" height=\"717\" data-id=\"561\" src=\"http:\/\/konartmimarlik.com\/wp-content\/uploads\/2024\/02\/WhatsApp-Image-2024-02-08-at-12.33.57.jpeg\" alt=\"\" class=\"wp-image-561\" srcset=\"http:\/\/konartmimarlik.com\/wp-content\/uploads\/2024\/02\/WhatsApp-Image-2024-02-08-at-12.33.57.jpeg 960w, http:\/\/konartmimarlik.com\/wp-content\/uploads\/2024\/02\/WhatsApp-Image-2024-02-08-at-12.33.57-300x224.jpeg 300w, http:\/\/konartmimarlik.com\/wp-content\/uploads\/2024\/02\/WhatsApp-Image-2024-02-08-at-12.33.57-768x574.jpeg 768w\" sizes=\"(max-width: 960px) 100vw, 960px\" \/><\/a><\/figure>\n\n\n\n<figure class=\"wp-block-image size-full\"><a href=\"http:\/\/konartmimarlik.com\/index.php\/foto-galeri\/whatsapp-image-2024-02-08-at-12-35-25\/\"><img loading=\"lazy\" decoding=\"async\" width=\"720\" height=\"960\" data-id=\"563\" src=\"http:\/\/konartmimarlik.com\/wp-content\/uploads\/2024\/02\/WhatsApp-Image-2024-02-08-at-12.35.25.jpeg\" alt=\"\" class=\"wp-image-563\" srcset=\"http:\/\/konartmimarlik.com\/wp-content\/uploads\/2024\/02\/WhatsApp-Image-2024-02-08-at-12.35.25.jpeg 720w, http:\/\/konartmimarlik.com\/wp-content\/uploads\/2024\/02\/WhatsApp-Image-2024-02-08-at-12.35.25-225x300.jpeg 225w\" sizes=\"(max-width: 720px) 100vw, 720px\" \/><\/a><\/figure>\n\n\n\n<figure class=\"wp-block-image size-full\"><a href=\"http:\/\/konartmimarlik.com\/index.php\/foto-galeri\/whatsapp-image-2024-02-08-at-12-33-57\/\"><img loading=\"lazy\" decoding=\"async\" width=\"960\" height=\"717\" data-id=\"561\" src=\"http:\/\/konartmimarlik.com\/wp-content\/uploads\/2024\/02\/WhatsApp-Image-2024-02-08-at-12.33.57.jpeg\" alt=\"\" class=\"wp-image-561\" srcset=\"http:\/\/konartmimarlik.com\/wp-content\/uploads\/2024\/02\/WhatsApp-Image-2024-02-08-at-12.33.57.jpeg 960w, http:\/\/konartmimarlik.com\/wp-content\/uploads\/2024\/02\/WhatsApp-Image-2024-02-08-at-12.33.57-300x224.jpeg 300w, http:\/\/konartmimarlik.com\/wp-content\/uploads\/2024\/02\/WhatsApp-Image-2024-02-08-at-12.33.57-768x574.jpeg 768w\" sizes=\"(max-width: 960px) 100vw, 960px\" \/><\/a><\/figure>\n\n\n\n<figure class=\"wp-block-image size-full\"><a href=\"http:\/\/konartmimarlik.com\/index.php\/foto-galeri\/whatsapp-image-2024-02-08-at-12-38-21-8\/\"><img loading=\"lazy\" decoding=\"async\" width=\"1600\" height=\"1200\" data-id=\"562\" src=\"http:\/\/konartmimarlik.com\/wp-content\/uploads\/2024\/02\/WhatsApp-Image-2024-02-08-at-12.38.21-8.jpeg\" alt=\"\" class=\"wp-image-562\" srcset=\"http:\/\/konartmimarlik.com\/wp-content\/uploads\/2024\/02\/WhatsApp-Image-2024-02-08-at-12.38.21-8.jpeg 1600w, http:\/\/konartmimarlik.com\/wp-content\/uploads\/2024\/02\/WhatsApp-Image-2024-02-08-at-12.38.21-8-300x225.jpeg 300w, http:\/\/konartmimarlik.com\/wp-content\/uploads\/2024\/02\/WhatsApp-Image-2024-02-08-at-12.38.21-8-1024x768.jpeg 1024w, http:\/\/konartmimarlik.com\/wp-content\/uploads\/2024\/02\/WhatsApp-Image-2024-02-08-at-12.38.21-8-768x576.jpeg 768w, http:\/\/konartmimarlik.com\/wp-content\/uploads\/2024\/02\/WhatsApp-Image-2024-02-08-at-12.38.21-8-1536x1152.jpeg 1536w\" sizes=\"(max-width: 1600px) 100vw, 1600px\" \/><\/a><\/figure>\n\n\n\n<figure class=\"wp-block-image size-full\"><a href=\"http:\/\/konartmimarlik.com\/index.php\/foto-galeri\/whatsapp-image-2024-02-08-at-12-49-07-1\/\"><img loading=\"lazy\" decoding=\"async\" width=\"960\" height=\"960\" data-id=\"552\" src=\"http:\/\/konartmimarlik.com\/wp-content\/uploads\/2024\/02\/WhatsApp-Image-2024-02-08-at-12.49.07-1.jpeg\" alt=\"\" class=\"wp-image-552\" srcset=\"http:\/\/konartmimarlik.com\/wp-content\/uploads\/2024\/02\/WhatsApp-Image-2024-02-08-at-12.49.07-1.jpeg 960w, http:\/\/konartmimarlik.com\/wp-content\/uploads\/2024\/02\/WhatsApp-Image-2024-02-08-at-12.49.07-1-300x300.jpeg 300w, http:\/\/konartmimarlik.com\/wp-content\/uploads\/2024\/02\/WhatsApp-Image-2024-02-08-at-12.49.07-1-150x150.jpeg 150w, http:\/\/konartmimarlik.com\/wp-content\/uploads\/2024\/02\/WhatsApp-Image-2024-02-08-at-12.49.07-1-768x768.jpeg 768w\" sizes=\"(max-width: 960px) 100vw, 960px\" \/><\/a><\/figure>\n\n\n\n<figure class=\"wp-block-image size-large\"><a href=\"http:\/\/konartmimarlik.com\/index.php\/foto-galeri\/whatsapp-image-2024-02-08-at-12-49-05\/\"><img loading=\"lazy\" decoding=\"async\" width=\"1024\" height=\"640\" data-id=\"550\" src=\"http:\/\/konartmimarlik.com\/wp-content\/uploads\/2024\/02\/WhatsApp-Image-2024-02-08-at-12.49.05-1024x640.jpeg\" alt=\"\" class=\"wp-image-550\" srcset=\"http:\/\/konartmimarlik.com\/wp-content\/uploads\/2024\/02\/WhatsApp-Image-2024-02-08-at-12.49.05-1024x640.jpeg 1024w, http:\/\/konartmimarlik.com\/wp-content\/uploads\/2024\/02\/WhatsApp-Image-2024-02-08-at-12.49.05-300x188.jpeg 300w, http:\/\/konartmimarlik.com\/wp-content\/uploads\/2024\/02\/WhatsApp-Image-2024-02-08-at-12.49.05-768x480.jpeg 768w, http:\/\/konartmimarlik.com\/wp-content\/uploads\/2024\/02\/WhatsApp-Image-2024-02-08-at-12.49.05-1536x960.jpeg 1536w, http:\/\/konartmimarlik.com\/wp-content\/uploads\/2024\/02\/WhatsApp-Image-2024-02-08-at-12.49.05.jpeg 1600w\" sizes=\"(max-width: 1024px) 100vw, 1024px\" \/><\/a><\/figure>\n\n\n\n<figure class=\"wp-block-image size-large\"><a href=\"http:\/\/konartmimarlik.com\/index.php\/foto-galeri\/whatsapp-image-2024-02-08-at-12-38-21-1\/\"><img loading=\"lazy\" decoding=\"async\" width=\"1024\" height=\"768\" data-id=\"540\" src=\"http:\/\/konartmimarlik.com\/wp-content\/uploads\/2024\/02\/WhatsApp-Image-2024-02-08-at-12.38.21-1-1024x768.jpeg\" alt=\"\" class=\"wp-image-540\" srcset=\"http:\/\/konartmimarlik.com\/wp-content\/uploads\/2024\/02\/WhatsApp-Image-2024-02-08-at-12.38.21-1-1024x768.jpeg 1024w, http:\/\/konartmimarlik.com\/wp-content\/uploads\/2024\/02\/WhatsApp-Image-2024-02-08-at-12.38.21-1-300x225.jpeg 300w, http:\/\/konartmimarlik.com\/wp-content\/uploads\/2024\/02\/WhatsApp-Image-2024-02-08-at-12.38.21-1-768x576.jpeg 768w, http:\/\/konartmimarlik.com\/wp-content\/uploads\/2024\/02\/WhatsApp-Image-2024-02-08-at-12.38.21-1-1536x1152.jpeg 1536w, http:\/\/konartmimarlik.com\/wp-content\/uploads\/2024\/02\/WhatsApp-Image-2024-02-08-at-12.38.21-1.jpeg 1600w\" sizes=\"(max-width: 1024px) 100vw, 1024px\" \/><\/a><\/figure>\n\n\n\n<figure class=\"wp-block-image size-large\"><a href=\"http:\/\/konartmimarlik.com\/index.php\/foto-galeri\/whatsapp-image-2024-02-08-at-12-49-13\/\"><img loading=\"lazy\" decoding=\"async\" width=\"1024\" height=\"1024\" data-id=\"544\" src=\"http:\/\/konartmimarlik.com\/wp-content\/uploads\/2024\/02\/WhatsApp-Image-2024-02-08-at-12.49.13-1024x1024.jpeg\" alt=\"\" class=\"wp-image-544\" srcset=\"http:\/\/konartmimarlik.com\/wp-content\/uploads\/2024\/02\/WhatsApp-Image-2024-02-08-at-12.49.13-1024x1024.jpeg 1024w, http:\/\/konartmimarlik.com\/wp-content\/uploads\/2024\/02\/WhatsApp-Image-2024-02-08-at-12.49.13-300x300.jpeg 300w, http:\/\/konartmimarlik.com\/wp-content\/uploads\/2024\/02\/WhatsApp-Image-2024-02-08-at-12.49.13-150x150.jpeg 150w, http:\/\/konartmimarlik.com\/wp-content\/uploads\/2024\/02\/WhatsApp-Image-2024-02-08-at-12.49.13-768x768.jpeg 768w, http:\/\/konartmimarlik.com\/wp-content\/uploads\/2024\/02\/WhatsApp-Image-2024-02-08-at-12.49.13-1536x1536.jpeg 1536w, http:\/\/konartmimarlik.com\/wp-content\/uploads\/2024\/02\/WhatsApp-Image-2024-02-08-at-12.49.13.jpeg 1600w\" sizes=\"(max-width: 1024px) 100vw, 1024px\" \/><\/a><\/figure>\n\n\n\n<figure class=\"wp-block-image size-full\"><a href=\"http:\/\/konartmimarlik.com\/index.php\/foto-galeri\/whatsapp-image-2024-02-08-at-12-50-43\/\"><img loading=\"lazy\" decoding=\"async\" width=\"720\" height=\"960\" data-id=\"542\" src=\"http:\/\/konartmimarlik.com\/wp-content\/uploads\/2024\/02\/WhatsApp-Image-2024-02-08-at-12.50.43.jpeg\" alt=\"\" class=\"wp-image-542\" srcset=\"http:\/\/konartmimarlik.com\/wp-content\/uploads\/2024\/02\/WhatsApp-Image-2024-02-08-at-12.50.43.jpeg 720w, http:\/\/konartmimarlik.com\/wp-content\/uploads\/2024\/02\/WhatsApp-Image-2024-02-08-at-12.50.43-225x300.jpeg 225w\" sizes=\"(max-width: 720px) 100vw, 720px\" \/><\/a><\/figure>\n\n\n\n<figure class=\"wp-block-image size-full\"><a href=\"http:\/\/konartmimarlik.com\/index.php\/foto-galeri\/whatsapp-image-2024-02-08-at-12-50-43-2\/\"><img loading=\"lazy\" decoding=\"async\" width=\"487\" height=\"720\" data-id=\"543\" src=\"http:\/\/konartmimarlik.com\/wp-content\/uploads\/2024\/02\/WhatsApp-Image-2024-02-08-at-12.50.43-2.jpeg\" alt=\"\" class=\"wp-image-543\" srcset=\"http:\/\/konartmimarlik.com\/wp-content\/uploads\/2024\/02\/WhatsApp-Image-2024-02-08-at-12.50.43-2.jpeg 487w, http:\/\/konartmimarlik.com\/wp-content\/uploads\/2024\/02\/WhatsApp-Image-2024-02-08-at-12.50.43-2-203x300.jpeg 203w\" sizes=\"(max-width: 487px) 100vw, 487px\" \/><\/a><\/figure>\n<\/figure>\n\n\n\n<p class=\"has-text-align-left\">Konart Mimarl\u0131k olarak imza att\u0131\u011f\u0131m\u0131z baz\u0131 projelerimiz<\/p>\n\n\n\n<div class=\"\" data-col=\"2\"><ul>\n<li>Pelit Apt &#8211; \u00dcmraniye<\/li>\n\n\n\n<li>Elit Apt &#8211; \u00dcmraniye<\/li>\n\n\n\n<li>Yavuz Apt &#8211; \u00dcmraniye<\/li>\n\n\n\n<li>Zakk\u0131m Apt &#8211; Libadiye <\/li>\n\n\n\n<li>Manolya Apt &#8211; Libadiye <\/li>\n\n\n\n<li>Kardelen Apt &#8211; Esatpa\u015fa<\/li>\n\n\n\n<li>Lale Apt &#8211; Esatpa\u015fa<\/li>\n\n\n\n<li>Papatya At &#8211; Ata\u015fehir<\/li>\n\n\n\n<li>Erguvan Apt &#8211; Ata\u015fehir<\/li>\n\n\n\n<li>Bayrak Apt &#8211; Ata\u015fejir<\/li>\n\n\n\n<li>Manolya Apt &#8211; Maltepe<\/li>\n\n\n\n<li>Erguvan Apt &#8211; \u00c7ekmek\u00f6y<\/li>\n\n\n\n<li>Akasya Apt &#8211; Dudullu<\/li>\n\n\n\n<li>Villa Twins \u00c7engelk\u00f6y<\/li>\n\n\n\n<li>Bey Konaklar\u0131 &#8211; Beykoz <\/li>\n\n\n\n<li>M\u0131h\u00e7\u0131 \u0130\u015f Merkezi &#8211; Libadiye<\/li>\n\n\n\n<li>Ihlamurkuyu Pelit \u0130\u015f Merkezi<\/li>\n\n\n\n<li>Yerlip\u011flu Apt &#8211; Kaval\u0131dere<\/li>\n\n\n\n<li>Ka\u015f Villalar\u0131 &#8211; Antalya<\/li>\n<\/ul><\/div>\n","protected":false},"excerpt":{"rendered":"<p>Konart Mimarl\u0131k olarak imza att\u0131\u011f\u0131m\u0131z baz\u0131 projelerimiz<\/p>\n","protected":false},"author":1,"featured_media":564,"parent":0,"menu_order":0,"comment_status":"closed","ping_status":"closed","template":"","meta":{"footnotes":"[]"},"_links":{"self":[{"href":"http:\/\/konartmimarlik.com\/index.php\/wp-json\/wp\/v2\/pages\/68"}],"collection":[{"href":"http:\/\/konartmimarlik.com\/index.php\/wp-json\/wp\/v2\/pages"}],"about":[{"href":"http:\/\/konartmimarlik.com\/index.php\/wp-json\/wp\/v2\/types\/page"}],"author":[{"embeddable":true,"href":"http:\/\/konartmimarlik.com\/index.php\/wp-json\/wp\/v2\/users\/1"}],"replies":[{"embeddable":true,"href":"http:\/\/konartmimarlik.com\/index.php\/wp-json\/wp\/v2\/comments?post=68"}],"version-history":[{"count":8,"href":"http:\/\/konartmimarlik.com\/index.php\/wp-json\/wp\/v2\/pages\/68\/revisions"}],"predecessor-version":[{"id":622,"href":"http:\/\/konartmimarlik.com\/index.php\/wp-json\/wp\/v2\/pages\/68\/revisions\/622"}],"wp:featuredmedia":[{"embeddable":true,"href":"http:\/\/konartmimarlik.com\/index.php\/wp-json\/wp\/v2\/media\/564"}],"wp:attachment":[{"href":"http:\/\/konartmimarlik.com\/index.php\/wp-json\/wp\/v2\/media?parent=68"}],"curies":[{"name":"wp","href":"https:\/\/api.w.org\/{rel}","templated":true}]}}